{"id":32,"date":"2022-09-28T20:58:47","date_gmt":"2022-09-28T20:58:47","guid":{"rendered":"https:\/\/almontemadrid.com\/?page_id=32"},"modified":"2022-11-08T15:56:15","modified_gmt":"2022-11-08T15:56:15","slug":"sobre-nosotros","status":"publish","type":"page","link":"https:\/\/almontemadrid.com\/index.php\/sobre-nosotros\/","title":{"rendered":"Sobre Nosotros"},"content":{"rendered":"\t\t<div data-elementor-type=\"wp-page\" data-elementor-id=\"32\" class=\"elementor elementor-32\">\n\t\t\t\t\t\t\t\t\t<section class=\"elementor-section elementor-top-section elementor-element elementor-element-4d6491b elementor-section-full_width elementor-section-height-default elementor-section-height-default wpr-particle-no wpr-jarallax-no wpr-parallax-no wpr-sticky-section-no\" data-id=\"4d6491b\" data-element_type=\"section\" data-settings=\"{&quot;background_background&quot;:&quot;classic&quot;}\">\n\t\t\t\t\t\t<div class=\"elementor-container elementor-column-gap-default\">\n\t\t\t\t\t<div class=\"elementor-column elementor-col-50 elementor-top-column elementor-element elementor-element-1277d7b\" data-id=\"1277d7b\" data-element_type=\"column\" data-settings=\"{&quot;background_background&quot;:&quot;slideshow&quot;,&quot;background_slideshow_gallery&quot;:[],&quot;background_slideshow_loop&quot;:&quot;yes&quot;,&quot;background_slideshow_slide_duration&quot;:5000,&quot;background_slideshow_slide_transition&quot;:&quot;fade&quot;,&quot;background_slideshow_transition_duration&quot;:500}\">\n\t\t\t<div class=\"elementor-widget-wrap elementor-element-populated\">\n\t\t\t\t\t\t\t\t<div class=\"elementor-element elementor-element-d3c21d4 elementor-widget elementor-widget-image\" data-id=\"d3c21d4\" data-element_type=\"widget\" data-widget_type=\"image.default\">\n\t\t\t\t<div class=\"elementor-widget-container\">\n\t\t\t<style>\/*! elementor - v3.8.0 - 30-10-2022 *\/\n.elementor-widget-image{text-align:center}.elementor-widget-image a{display:inline-block}.elementor-widget-image a img[src$=\".svg\"]{width:48px}.elementor-widget-image img{vertical-align:middle;display:inline-block}<\/style>\t\t\t\t\t\t\t\t\t\t\t\t<img loading=\"lazy\" decoding=\"async\" width=\"1080\" height=\"1080\" src=\"https:\/\/almontemadrid.com\/wp-content\/uploads\/2022\/10\/sobre-nosotros-inicio.png\" class=\"attachment-full size-full\" alt=\"\" srcset=\"https:\/\/almontemadrid.com\/wp-content\/uploads\/2022\/10\/sobre-nosotros-inicio.png 1080w, https:\/\/almontemadrid.com\/wp-content\/uploads\/2022\/10\/sobre-nosotros-inicio-300x300.png 300w, https:\/\/almontemadrid.com\/wp-content\/uploads\/2022\/10\/sobre-nosotros-inicio-1024x1024.png 1024w, https:\/\/almontemadrid.com\/wp-content\/uploads\/2022\/10\/sobre-nosotros-inicio-150x150.png 150w, https:\/\/almontemadrid.com\/wp-content\/uploads\/2022\/10\/sobre-nosotros-inicio-768x768.png 768w\" sizes=\"auto, (max-width: 1080px) 100vw, 1080px\" \/>\t\t\t\t\t\t\t\t\t\t\t\t\t\t\t<\/div>\n\t\t\t\t<\/div>\n\t\t\t\t\t<\/div>\n\t\t<\/div>\n\t\t\t\t<div class=\"elementor-column elementor-col-50 elementor-top-column elementor-element elementor-element-a5fa7db\" data-id=\"a5fa7db\" data-element_type=\"column\" data-settings=\"{&quot;background_background&quot;:&quot;classic&quot;}\">\n\t\t\t<div class=\"elementor-widget-wrap elementor-element-populated\">\n\t\t\t\t\t\t\t\t<div class=\"elementor-element elementor-element-4745226 elementor-widget elementor-widget-text-editor\" data-id=\"4745226\" data-element_type=\"widget\" data-widget_type=\"text-editor.default\">\n\t\t\t\t<div class=\"elementor-widget-container\">\n\t\t\t<style>\/*! elementor - v3.8.0 - 30-10-2022 *\/\n.elementor-widget-text-editor.elementor-drop-cap-view-stacked .elementor-drop-cap{background-color:#818a91;color:#fff}.elementor-widget-text-editor.elementor-drop-cap-view-framed .elementor-drop-cap{color:#818a91;border:3px solid;background-color:transparent}.elementor-widget-text-editor:not(.elementor-drop-cap-view-default) .elementor-drop-cap{margin-top:8px}.elementor-widget-text-editor:not(.elementor-drop-cap-view-default) .elementor-drop-cap-letter{width:1em;height:1em}.elementor-widget-text-editor .elementor-drop-cap{float:left;text-align:center;line-height:1;font-size:50px}.elementor-widget-text-editor .elementor-drop-cap-letter{display:inline-block}<\/style>\t\t\t\t<p>\u00a0<\/p>\n<h2 style=\"text-align: center;\"><span style=\"color: #ffffff;\">Sobre Nosotros<\/span><\/h2>\n<p>\u00a0<\/p>\n<p><span style=\"color: #ffffff;\">La sala rociera m\u00e1s famosa del barrio de salamanca durante las \u00faltimos 50 a\u00f1os reabre sus puertas reinvent\u00e1ndose con toda su experiencia de alma flamenca con una nueva ubicaci\u00f3n estrat\u00e9gica situado en el barrio del bernab\u00e9u (calle manuel de falla 3).<\/span><\/p>\n<p><span style=\"color: #ffffff;\">Con una decoraci\u00f3n m\u00e1s transgresora que su predecesor, el nuevo Almonte continuar\u00e1\u00a0 con un marcado aire andaluz lleno de clase y arte flamenco. Este local con una puesta en escena que recuerda a los salones c\u00e1lidos y acogedores de los cortijos y palacios andaluces, est\u00e1 lleno de color, tejidos y ornamentos al m\u00e1s puro estilo clasicismo del sur mezclando una incre\u00edble colecci\u00f3n de pinturas, fotos hist\u00f3ricas y carteler\u00eda antigua del mundo del toro, flamenco y rociero de lo m\u00e1s atrevido, renovado y actual.<\/span><\/p>\t\t\t\t\t\t<\/div>\n\t\t\t\t<\/div>\n\t\t\t\t\t<\/div>\n\t\t<\/div>\n\t\t\t\t\t\t\t<\/div>\n\t\t<\/section>\n\t\t\t\t<section class=\"elementor-section elementor-top-section elementor-element elementor-element-d298a22 elementor-section-full_width elementor-section-height-default elementor-section-height-default wpr-particle-no wpr-jarallax-no wpr-parallax-no wpr-sticky-section-no\" data-id=\"d298a22\" data-element_type=\"section\" data-settings=\"{&quot;background_background&quot;:&quot;classic&quot;}\">\n\t\t\t\t\t\t<div class=\"elementor-container elementor-column-gap-default\">\n\t\t\t\t\t<div class=\"elementor-column elementor-col-100 elementor-top-column elementor-element elementor-element-24ffeb1\" data-id=\"24ffeb1\" data-element_type=\"column\" data-settings=\"{&quot;background_background&quot;:&quot;classic&quot;}\">\n\t\t\t<div class=\"elementor-widget-wrap elementor-element-populated\">\n\t\t\t\t\t\t\t\t<div class=\"elementor-element elementor-element-afbd7f5 elementor-widget elementor-widget-text-editor\" data-id=\"afbd7f5\" data-element_type=\"widget\" data-widget_type=\"text-editor.default\">\n\t\t\t\t<div class=\"elementor-widget-container\">\n\t\t\t\t\t\t\t<p><iframe loading=\"lazy\" id=\"restaurante-almontemadrid\" title=\"Reservas\" src=\"https:\/\/www.covermanager.com\/reserve\/module_restaurant\/restaurante-almontemadrid\/spanish\" width=\"100%\" height=\"550\" frameborder=\"0\"><\/iframe><\/p>\t\t\t\t\t\t<\/div>\n\t\t\t\t<\/div>\n\t\t\t\t\t<\/div>\n\t\t<\/div>\n\t\t\t\t\t\t\t<\/div>\n\t\t<\/section>\n\t\t\t\t\t\t\t<\/div>\n\t\t","protected":false},"excerpt":{"rendered":"<p>\u00a0 Sobre Nosotros \u00a0 La sala rociera m\u00e1s famosa del barrio de salamanca durante las \u00faltimos 50 a\u00f1os reabre sus puertas reinvent\u00e1ndose con toda su experiencia de alma flamenca con una nueva ubicaci\u00f3n estrat\u00e9gica situado en el barrio del bernab\u00e9u (calle manuel de falla 3). Con una decoraci\u00f3n m\u00e1s transgresora que su predecesor, el nuevo [&hellip;]<\/p>\n","protected":false},"author":1,"featured_media":0,"parent":0,"menu_order":0,"comment_status":"closed","ping_status":"open","template":"elementor_header_footer","meta":{"footnotes":""},"class_list":["post-32","page","type-page","status-publish","hentry"],"_links":{"self":[{"href":"https:\/\/almontemadrid.com\/index.php\/wp-json\/wp\/v2\/pages\/32","targetHints":{"allow":["GET"]}}],"collection":[{"href":"https:\/\/almontemadrid.com\/index.php\/wp-json\/wp\/v2\/pages"}],"about":[{"href":"https:\/\/almontemadrid.com\/index.php\/wp-json\/wp\/v2\/types\/page"}],"author":[{"embeddable":true,"href":"https:\/\/almontemadrid.com\/index.php\/wp-json\/wp\/v2\/users\/1"}],"replies":[{"embeddable":true,"href":"https:\/\/almontemadrid.com\/index.php\/wp-json\/wp\/v2\/comments?post=32"}],"version-history":[{"count":33,"href":"https:\/\/almontemadrid.com\/index.php\/wp-json\/wp\/v2\/pages\/32\/revisions"}],"predecessor-version":[{"id":380,"href":"https:\/\/almontemadrid.com\/index.php\/wp-json\/wp\/v2\/pages\/32\/revisions\/380"}],"wp:attachment":[{"href":"https:\/\/almontemadrid.com\/index.php\/wp-json\/wp\/v2\/media?parent=32"}],"curies":[{"name":"wp","href":"https:\/\/api.w.org\/{rel}","templated":true}]}}